{"id":393,"date":"2024-02-09T14:47:16","date_gmt":"2024-02-09T13:47:16","guid":{"rendered":"https:\/\/cimesacces.com\/?page_id=393"},"modified":"2024-02-12T10:25:50","modified_gmt":"2024-02-12T09:25:50","slug":"mentions-legales","status":"publish","type":"page","link":"https:\/\/cimesacces.com\/index.php\/mentions-legales\/","title":{"rendered":"Mentions l\u00e9gales"},"content":{"rendered":"\t\t<div data-elementor-type=\"wp-page\" data-elementor-id=\"393\" class=\"elementor elementor-393\">\n\t\t\t\t<div class=\"elementor-element elementor-element-3f0bcaa e-flex e-con-boxed e-con e-parent\" data-id=\"3f0bcaa\" data-element_type=\"container\" data-e-type=\"container\">\n\t\t\t\t\t<div class=\"e-con-inner\">\n\t\t\t\t<div class=\"elementor-element elementor-element-c148a21 elementor-widget elementor-widget-heading\" data-id=\"c148a21\" data-element_type=\"widget\" data-e-type=\"widget\" data-widget_type=\"heading.default\">\n\t\t\t\t<div class=\"elementor-widget-container\">\n\t\t\t\t\t<h1 class=\"elementor-heading-title elementor-size-default\">Entreprise Cimes Acc\u00e8s situ\u00e9e \u00e0 Rochefort<\/h1>\t\t\t\t<\/div>\n\t\t\t\t<\/div>\n\t\t\t\t<div class=\"elementor-element elementor-element-61e23e5 elementor-widget elementor-widget-text-editor\" data-id=\"61e23e5\" data-element_type=\"widget\" data-e-type=\"widget\" data-widget_type=\"text-editor.default\">\n\t\t\t\t<div class=\"elementor-widget-container\">\n\t\t\t\t\t\t\t\t\t<p><b>Ce site est \u00e9dit\u00e9 par :\u00a0<\/b>M AXEL TOURNEUR<\/p><p><b>Capital :<\/b><\/p><p><b>Adresse :\u00a0<\/b>28 BIS RUE JEAN RENAUDIN, 17300 ROCHEFORT<\/p><p><b>Adresse \u00e9lectronique :<\/b><\/p><p><b>T\u00e9l\u00e9phone :\u00a0<\/b>06 33 48 66 08<\/p><p><b>N\u00b0 Registre du Commerce ou R\u00e9pertoire des m\u00e9tiers :<\/b><\/p><p><b>N\u00b0 SIRET de l\u2019\u00e9tablissement :\u00a0<\/b>90829622100025<\/p><p><b>N\u00b0 d\u2019assujettissement \u00e0 la TVA :<\/b><\/p><p><b>Titre professionnel\u2013Autorisation :<\/b><\/p><p><b>R\u00e9f\u00e9rence aux r\u00e8gles professionnelles applicables :<\/b><\/p><p><b>Qualit\u00e9 de locataire g\u00e9rant ou g\u00e9rant mandataire :<\/b><\/p><p><b>Mentions l\u00e9gales sp\u00e9cifiques :<\/b><\/p><p><b>Directeur de r\u00e9daction et de publication :\u00a0<\/b>M AXEL TOURNEUR<\/p><p>Son h\u00e9bergement est assur\u00e9 par OVH.<\/p>\t\t\t\t\t\t\t\t<\/div>\n\t\t\t\t<\/div>\n\t\t\t\t\t<\/div>\n\t\t\t\t<\/div>\n\t\t\t\t<\/div>\n\t\t","protected":false},"excerpt":{"rendered":"<p>Entreprise Cimes Acc\u00e8s situ\u00e9e \u00e0 Rochefort Ce site est \u00e9dit\u00e9 par :\u00a0M AXEL TOURNEUR Capital : Adresse :\u00a028 BIS RUE JEAN RENAUDIN, 17300 ROCHEFORT Adresse \u00e9lectronique : T\u00e9l\u00e9phone :\u00a006 33 48 66 08 N\u00b0 Registre du Commerce ou R\u00e9pertoire des m\u00e9tiers : N\u00b0 SIRET de l\u2019\u00e9tablissement :\u00a090829622100025 N\u00b0 d\u2019assujettissement \u00e0 la TVA : Titre professionnel\u2013Autorisation [&hellip;]<\/p>\n","protected":false},"author":1,"featured_media":0,"parent":0,"menu_order":0,"comment_status":"closed","ping_status":"closed","template":"","meta":{"ocean_post_layout":"","ocean_both_sidebars_style":"","ocean_both_sidebars_content_width":0,"ocean_both_sidebars_sidebars_width":0,"ocean_sidebar":"","ocean_second_sidebar":"","ocean_disable_margins":"enable","ocean_add_body_class":"","ocean_shortcode_before_top_bar":"","ocean_shortcode_after_top_bar":"","ocean_shortcode_before_header":"","ocean_shortcode_after_header":"","ocean_has_shortcode":"","ocean_shortcode_after_title":"","ocean_shortcode_before_footer_widgets":"","ocean_shortcode_after_footer_widgets":"","ocean_shortcode_before_footer_bottom":"","ocean_shortcode_after_footer_bottom":"","ocean_display_top_bar":"default","ocean_display_header":"default","ocean_header_style":"","ocean_center_header_left_menu":"","ocean_custom_header_template":"","ocean_custom_logo":0,"ocean_custom_retina_logo":0,"ocean_custom_logo_max_width":0,"ocean_custom_logo_tablet_max_width":0,"ocean_custom_logo_mobile_max_width":0,"ocean_custom_logo_max_height":0,"ocean_custom_logo_tablet_max_height":0,"ocean_custom_logo_mobile_max_height":0,"ocean_header_custom_menu":"","ocean_menu_typo_font_family":"","ocean_menu_typo_font_subset":"","ocean_menu_typo_font_size":0,"ocean_menu_typo_font_size_tablet":0,"ocean_menu_typo_font_size_mobile":0,"ocean_menu_typo_font_size_unit":"px","ocean_menu_typo_font_weight":"","ocean_menu_typo_font_weight_tablet":"","ocean_menu_typo_font_weight_mobile":"","ocean_menu_typo_transform":"","ocean_menu_typo_transform_tablet":"","ocean_menu_typo_transform_mobile":"","ocean_menu_typo_line_height":0,"ocean_menu_typo_line_height_tablet":0,"ocean_menu_typo_line_height_mobile":0,"ocean_menu_typo_line_height_unit":"","ocean_menu_typo_spacing":0,"ocean_menu_typo_spacing_tablet":0,"ocean_menu_typo_spacing_mobile":0,"ocean_menu_typo_spacing_unit":"","ocean_menu_link_color":"","ocean_menu_link_color_hover":"","ocean_menu_link_color_active":"","ocean_menu_link_background":"","ocean_menu_link_hover_background":"","ocean_menu_link_active_background":"","ocean_menu_social_links_bg":"","ocean_menu_social_hover_links_bg":"","ocean_menu_social_links_color":"","ocean_menu_social_hover_links_color":"","ocean_disable_title":"default","ocean_disable_heading":"default","ocean_post_title":"","ocean_post_subheading":"","ocean_post_title_style":"","ocean_post_title_background_color":"","ocean_post_title_background":0,"ocean_post_title_bg_image_position":"","ocean_post_title_bg_image_attachment":"","ocean_post_title_bg_image_repeat":"","ocean_post_title_bg_image_size":"","ocean_post_title_height":0,"ocean_post_title_bg_overlay":0.5,"ocean_post_title_bg_overlay_color":"","ocean_disable_breadcrumbs":"default","ocean_breadcrumbs_color":"","ocean_breadcrumbs_separator_color":"","ocean_breadcrumbs_links_color":"","ocean_breadcrumbs_links_hover_color":"","ocean_display_footer_widgets":"default","ocean_display_footer_bottom":"default","ocean_custom_footer_template":"","footnotes":""},"class_list":["post-393","page","type-page","status-publish","hentry","entry"],"_links":{"self":[{"href":"https:\/\/cimesacces.com\/index.php\/wp-json\/wp\/v2\/pages\/393","targetHints":{"allow":["GET"]}}],"collection":[{"href":"https:\/\/cimesacces.com\/index.php\/wp-json\/wp\/v2\/pages"}],"about":[{"href":"https:\/\/cimesacces.com\/index.php\/wp-json\/wp\/v2\/types\/page"}],"author":[{"embeddable":true,"href":"https:\/\/cimesacces.com\/index.php\/wp-json\/wp\/v2\/users\/1"}],"replies":[{"embeddable":true,"href":"https:\/\/cimesacces.com\/index.php\/wp-json\/wp\/v2\/comments?post=393"}],"version-history":[{"count":3,"href":"https:\/\/cimesacces.com\/index.php\/wp-json\/wp\/v2\/pages\/393\/revisions"}],"predecessor-version":[{"id":399,"href":"https:\/\/cimesacces.com\/index.php\/wp-json\/wp\/v2\/pages\/393\/revisions\/399"}],"wp:attachment":[{"href":"https:\/\/cimesacces.com\/index.php\/wp-json\/wp\/v2\/media?parent=393"}],"curies":[{"name":"wp","href":"https:\/\/api.w.org\/{rel}","templated":true}]}}